{"id":40,"date":"2019-04-18T11:09:40","date_gmt":"2019-04-18T11:09:40","guid":{"rendered":"https:\/\/envothemes.com\/envo-ecommerce\/?page_id=40"},"modified":"2022-01-11T16:12:45","modified_gmt":"2022-01-11T15:12:45","slug":"home","status":"publish","type":"page","link":"https:\/\/shop.atelierlijana.cz\/subdom\/shop\/","title":{"rendered":"Home"},"content":{"rendered":"\n<h1 class=\"has-text-align-center wp-block-heading\">V\u00cdTEJTE NA E-SHOPU AND\u00cdLKOV &#8211; ATELIER LIJANA<\/h1>\n\n\n\n<p><\/p>\n\n\n\n<div class=\"wp-block-image\"><figure class=\"aligncenter size-medium\"><img loading=\"lazy\" decoding=\"async\" width=\"300\" height=\"254\" src=\"https:\/\/shop.andilkov-atelier.cz\/subdom\/shop\/wp-content\/uploads\/2022\/01\/andilkov_logo_nove-01-300x254.jpg\" alt=\"\" class=\"wp-image-1477\" srcset=\"https:\/\/shop.atelierlijana.cz\/subdom\/shop\/wp-content\/uploads\/2022\/01\/andilkov_logo_nove-01-300x254.jpg 300w, https:\/\/shop.atelierlijana.cz\/subdom\/shop\/wp-content\/uploads\/2022\/01\/andilkov_logo_nove-01-600x508.jpg 600w, https:\/\/shop.atelierlijana.cz\/subdom\/shop\/wp-content\/uploads\/2022\/01\/andilkov_logo_nove-01-1024x866.jpg 1024w, https:\/\/shop.atelierlijana.cz\/subdom\/shop\/wp-content\/uploads\/2022\/01\/andilkov_logo_nove-01-768x650.jpg 768w, https:\/\/shop.atelierlijana.cz\/subdom\/shop\/wp-content\/uploads\/2022\/01\/andilkov_logo_nove-01-1536x1300.jpg 1536w, https:\/\/shop.atelierlijana.cz\/subdom\/shop\/wp-content\/uploads\/2022\/01\/andilkov_logo_nove-01-2048x1733.jpg 2048w\" sizes=\"auto, (max-width: 300px) 100vw, 300px\" \/><\/figure><\/div>\n\n\n\n<p class=\"has-text-align-center\"><\/p>\n\n\n\n<h2 class=\"has-text-align-center has-white-color has-text-color has-background wp-block-heading\" style=\"background-color:#89015c\">TOP v\u00fdrobky<\/h2>\n\n\n\n<p><\/p>\n\n\n<div data-block-name=\"woocommerce\/product-category\" data-categories=\"[112]\" data-columns=\"4\" data-rows=\"2\" class=\"wc-block-grid wp-block-product-category wp-block-woocommerce-product-category wc-block-product-category has-4-columns has-multiple-rows\"><ul class=\"wc-block-grid__products\"><li class=\"wc-block-grid__product\">\n\t\t\t\t<a href=\"https:\/\/shop.atelierlijana.cz\/subdom\/shop\/produkt\/19-starec\/\" class=\"wc-block-grid__product-link\">\n\t\t\t\t\t<div class=\"wc-block-grid__product-onsale\">\n\t\t\t<span aria-hidden=\"true\">Sleva<\/span>\n\t\t\t<span class=\"screen-reader-text\">Produkt za ak\u010dn\u00ed cenu<\/span>\n\t\t<\/div>\n\t\t\t\t\t<div class=\"wc-block-grid__product-image\"><img loading=\"lazy\" decoding=\"async\" width=\"320\" height=\"320\" src=\"https:\/\/shop.atelierlijana.cz\/subdom\/shop\/wp-content\/uploads\/2024\/03\/09-320x320.jpg\" class=\"attachment-woocommerce_thumbnail size-woocommerce_thumbnail\" alt=\"Hojnost\" srcset=\"https:\/\/shop.atelierlijana.cz\/subdom\/shop\/wp-content\/uploads\/2024\/03\/09-320x320.jpg 320w, https:\/\/shop.atelierlijana.cz\/subdom\/shop\/wp-content\/uploads\/2024\/03\/09-150x150.jpg 150w, https:\/\/shop.atelierlijana.cz\/subdom\/shop\/wp-content\/uploads\/2024\/03\/09-100x100.jpg 100w\" sizes=\"auto, (max-width: 320px) 100vw, 320px\" \/><\/div>\n\t\t\t\t\t<div class=\"wc-block-grid__product-title\">Hojnost<\/div>\n\t\t\t\t<\/a>\n\t\t\t\t<div class=\"wc-block-grid__product-price price\"><del aria-hidden=\"true\"><span class=\"woocommerce-Price-amount amount\">3.400<span class=\"woocommerce-Price-currencySymbol\">&#075;&#269;<\/span><\/span><\/del> <span class=\"screen-reader-text\">P\u016fvodn\u00ed cena byla: 3.400&#075;&#269;.<\/span><ins aria-hidden=\"true\"><span class=\"woocommerce-Price-amount amount\">2.000<span class=\"woocommerce-Price-currencySymbol\">&#075;&#269;<\/span><\/span><\/ins><span class=\"screen-reader-text\">Aktu\u00e1ln\u00ed cena je: 2.000&#075;&#269;.<\/span><\/div>\n\t\t\t\t\n\t\t\t\t<div class=\"wp-block-button wc-block-grid__product-add-to-cart\"><a href=\"\/subdom\/shop\/wp-json\/wp\/v2\/pages\/40?add-to-cart=3695\" aria-label=\"P\u0159idat do ko\u0161\u00edku: &ldquo;Hojnost&rdquo;\" data-quantity=\"1\" data-product_id=\"3695\" data-product_sku=\"\" data-price=\"2000\" rel=\"nofollow\" class=\"wp-block-button__link  add_to_cart_button ajax_add_to_cart\">P\u0159idat do ko\u0161\u00edku<\/a><\/div>\n\t\t\t<\/li><li class=\"wc-block-grid__product\">\n\t\t\t\t<a href=\"https:\/\/shop.atelierlijana.cz\/subdom\/shop\/produkt\/kurz-powertex-darkovy-poukaz\/\" class=\"wc-block-grid__product-link\">\n\t\t\t\t\t\n\t\t\t\t\t<div class=\"wc-block-grid__product-image\"><img loading=\"lazy\" decoding=\"async\" width=\"320\" height=\"320\" src=\"https:\/\/shop.atelierlijana.cz\/subdom\/shop\/wp-content\/uploads\/2022\/06\/POWERTEX_KURZ-01-320x320.jpg\" class=\"attachment-woocommerce_thumbnail size-woocommerce_thumbnail\" alt=\"Kurz Powertex - d\u00e1rkov\u00fd poukaz\" srcset=\"https:\/\/shop.atelierlijana.cz\/subdom\/shop\/wp-content\/uploads\/2022\/06\/POWERTEX_KURZ-01-320x320.jpg 320w, https:\/\/shop.atelierlijana.cz\/subdom\/shop\/wp-content\/uploads\/2022\/06\/POWERTEX_KURZ-01-300x300.jpg 300w, https:\/\/shop.atelierlijana.cz\/subdom\/shop\/wp-content\/uploads\/2022\/06\/POWERTEX_KURZ-01-1024x1024.jpg 1024w, https:\/\/shop.atelierlijana.cz\/subdom\/shop\/wp-content\/uploads\/2022\/06\/POWERTEX_KURZ-01-150x150.jpg 150w, https:\/\/shop.atelierlijana.cz\/subdom\/shop\/wp-content\/uploads\/2022\/06\/POWERTEX_KURZ-01-768x768.jpg 768w, https:\/\/shop.atelierlijana.cz\/subdom\/shop\/wp-content\/uploads\/2022\/06\/POWERTEX_KURZ-01-600x600.jpg 600w, https:\/\/shop.atelierlijana.cz\/subdom\/shop\/wp-content\/uploads\/2022\/06\/POWERTEX_KURZ-01-100x100.jpg 100w, https:\/\/shop.atelierlijana.cz\/subdom\/shop\/wp-content\/uploads\/2022\/06\/POWERTEX_KURZ-01.jpg 1055w\" sizes=\"auto, (max-width: 320px) 100vw, 320px\" \/><\/div>\n\t\t\t\t\t<div class=\"wc-block-grid__product-title\">Kurz Powertex &#8211; d\u00e1rkov\u00fd poukaz<\/div>\n\t\t\t\t<\/a>\n\t\t\t\t<div class=\"wc-block-grid__product-price price\"><span class=\"woocommerce-Price-amount amount\">2.999<span class=\"woocommerce-Price-currencySymbol\">&#075;&#269;<\/span><\/span><\/div>\n\t\t\t\t\n\t\t\t\t<div class=\"wp-block-button wc-block-grid__product-add-to-cart\"><a href=\"\/subdom\/shop\/wp-json\/wp\/v2\/pages\/40?add-to-cart=3247\" aria-label=\"P\u0159idat do ko\u0161\u00edku: &ldquo;Kurz Powertex - d\u00e1rkov\u00fd poukaz&rdquo;\" data-quantity=\"1\" data-product_id=\"3247\" data-product_sku=\"\" data-price=\"2999\" rel=\"nofollow\" class=\"wp-block-button__link  add_to_cart_button ajax_add_to_cart\">P\u0159idat do ko\u0161\u00edku<\/a><\/div>\n\t\t\t<\/li><\/ul><\/div>","protected":false},"excerpt":{"rendered":"<p>V\u00cdTEJTE NA E-SHOPU AND\u00cdLKOV &#8211; ATELIER LIJANA TOP v\u00fdrobky<\/p>\n","protected":false},"author":1,"featured_media":978,"parent":0,"menu_order":0,"comment_status":"closed","ping_status":"closed","template":"frontpage.php","meta":{"footnotes":""},"class_list":["post-40","page","type-page","status-publish","has-post-thumbnail","hentry","thunk-woo-product-list","jot-shop-woo-hover-zoom","open-single-product-tab-horizontal","open-shadow-","open-shadow-hover-"],"_links":{"self":[{"href":"https:\/\/shop.atelierlijana.cz\/subdom\/shop\/wp-json\/wp\/v2\/pages\/40","targetHints":{"allow":["GET"]}}],"collection":[{"href":"https:\/\/shop.atelierlijana.cz\/subdom\/shop\/wp-json\/wp\/v2\/pages"}],"about":[{"href":"https:\/\/shop.atelierlijana.cz\/subdom\/shop\/wp-json\/wp\/v2\/types\/page"}],"author":[{"embeddable":true,"href":"https:\/\/shop.atelierlijana.cz\/subdom\/shop\/wp-json\/wp\/v2\/users\/1"}],"replies":[{"embeddable":true,"href":"https:\/\/shop.atelierlijana.cz\/subdom\/shop\/wp-json\/wp\/v2\/comments?post=40"}],"version-history":[{"count":15,"href":"https:\/\/shop.atelierlijana.cz\/subdom\/shop\/wp-json\/wp\/v2\/pages\/40\/revisions"}],"predecessor-version":[{"id":1518,"href":"https:\/\/shop.atelierlijana.cz\/subdom\/shop\/wp-json\/wp\/v2\/pages\/40\/revisions\/1518"}],"wp:featuredmedia":[{"embeddable":true,"href":"https:\/\/shop.atelierlijana.cz\/subdom\/shop\/wp-json\/wp\/v2\/media\/978"}],"wp:attachment":[{"href":"https:\/\/shop.atelierlijana.cz\/subdom\/shop\/wp-json\/wp\/v2\/media?parent=40"}],"curies":[{"name":"wp","href":"https:\/\/api.w.org\/{rel}","templated":true}]}}